{"id":29,"date":"2019-12-18T17:11:36","date_gmt":"2019-12-18T16:11:36","guid":{"rendered":"https:\/\/www.proges.com\/?page_id=29"},"modified":"2021-02-23T18:04:13","modified_gmt":"2021-02-23T17:04:13","slug":"activites","status":"publish","type":"page","link":"https:\/\/www.proges.com\/fr\/activites\/","title":{"rendered":"Activit\u00e9s"},"content":{"rendered":"","protected":false},"excerpt":{"rendered":"","protected":false},"author":7,"featured_media":0,"parent":0,"menu_order":0,"comment_status":"closed","ping_status":"closed","template":"","meta":{"_acf_changed":false,"footnotes":""},"class_list":["post-29","page","type-page","status-publish","hentry"],"acf":[],"yoast_head":"<!-- This site is optimized with the Yoast SEO Premium plugin v15.0 - https:\/\/yoast.com\/wordpress\/plugins\/seo\/ -->\n<title>D\u00e9couvrez nos activit\u00e9s : ERP pour PME, prestataire informatique<\/title>\n<meta name=\"description\" content=\"3 divisions aux services des entreprises : Progiciels ERP pour PME | Maintenance informatique de proximit\u00e9 | Solutions de suivi de temp\u00e9rature en agro alimentaire et Pharmacie Sant\u00e9\" \/>\n<meta name=\"robots\" content=\"index, follow, max-snippet:-1, max-image-preview:large, max-video-preview:-1\" \/>\n<link rel=\"canonical\" href=\"https:\/\/www.proges.com\/fr\/activites\/\" \/>\n<meta property=\"og:locale\" content=\"fr_FR\" \/>\n<meta property=\"og:type\" content=\"article\" \/>\n<meta property=\"og:title\" content=\"D\u00e9couvrez nos activit\u00e9s : ERP pour PME, prestataire informatique\" \/>\n<meta property=\"og:description\" content=\"3 divisions aux services des entreprises : Progiciels ERP pour PME | Maintenance informatique de proximit\u00e9 | Solutions de suivi de temp\u00e9rature en agro alimentaire et Pharmacie Sant\u00e9\" \/>\n<meta property=\"og:url\" content=\"https:\/\/www.proges.com\/fr\/activites\/\" \/>\n<meta property=\"og:site_name\" content=\"Proges Plus\" \/>\n<meta property=\"article:modified_time\" content=\"2021-02-23T17:04:13+00:00\" \/>\n<meta name=\"twitter:card\" content=\"summary_large_image\" \/>\n<script type=\"application\/ld+json\" class=\"yoast-schema-graph\">{\"@context\":\"https:\/\/schema.org\",\"@graph\":[{\"@type\":\"WebSite\",\"@id\":\"https:\/\/www.proges.com\/fr\/#website\",\"url\":\"https:\/\/www.proges.com\/fr\/\",\"name\":\"Proges Plus\",\"description\":\"Editeur de logiciels, Services informatiques. Surveillance de Temp\\u00e9rature. Lille, Lyon, Nantes, Montr\\u00e9al\",\"potentialAction\":[{\"@type\":\"SearchAction\",\"target\":\"https:\/\/www.proges.com\/fr\/?s={search_term_string}\",\"query-input\":\"required name=search_term_string\"}],\"inLanguage\":\"fr-FR\"},{\"@type\":\"WebPage\",\"@id\":\"https:\/\/www.proges.com\/fr\/activites\/#webpage\",\"url\":\"https:\/\/www.proges.com\/fr\/activites\/\",\"name\":\"D\\u00e9couvrez nos activit\\u00e9s : ERP pour PME, prestataire informatique\",\"isPartOf\":{\"@id\":\"https:\/\/www.proges.com\/fr\/#website\"},\"datePublished\":\"2019-12-18T16:11:36+00:00\",\"dateModified\":\"2021-02-23T17:04:13+00:00\",\"description\":\"3 divisions aux services des entreprises : Progiciels ERP pour PME | Maintenance informatique de proximit\\u00e9 | Solutions de suivi de temp\\u00e9rature en agro alimentaire et Pharmacie Sant\\u00e9\",\"breadcrumb\":{\"@id\":\"https:\/\/www.proges.com\/fr\/activites\/#breadcrumb\"},\"inLanguage\":\"fr-FR\",\"potentialAction\":[{\"@type\":\"ReadAction\",\"target\":[\"https:\/\/www.proges.com\/fr\/activites\/\"]}]},{\"@type\":\"BreadcrumbList\",\"@id\":\"https:\/\/www.proges.com\/fr\/activites\/#breadcrumb\",\"itemListElement\":[{\"@type\":\"ListItem\",\"position\":1,\"item\":{\"@type\":\"WebPage\",\"@id\":\"https:\/\/www.proges.com\/fr\/\",\"url\":\"https:\/\/www.proges.com\/fr\/\",\"name\":\"Accueil\"}}]}]}<\/script>\n<!-- \/ Yoast SEO Premium plugin. -->","_links":{"self":[{"href":"https:\/\/www.proges.com\/fr\/wp-json\/wp\/v2\/pages\/29","targetHints":{"allow":["GET"]}}],"collection":[{"href":"https:\/\/www.proges.com\/fr\/wp-json\/wp\/v2\/pages"}],"about":[{"href":"https:\/\/www.proges.com\/fr\/wp-json\/wp\/v2\/types\/page"}],"author":[{"embeddable":true,"href":"https:\/\/www.proges.com\/fr\/wp-json\/wp\/v2\/users\/7"}],"replies":[{"embeddable":true,"href":"https:\/\/www.proges.com\/fr\/wp-json\/wp\/v2\/comments?post=29"}],"version-history":[{"count":0,"href":"https:\/\/www.proges.com\/fr\/wp-json\/wp\/v2\/pages\/29\/revisions"}],"wp:attachment":[{"href":"https:\/\/www.proges.com\/fr\/wp-json\/wp\/v2\/media?parent=29"}],"curies":[{"name":"wp","href":"https:\/\/api.w.org\/{rel}","templated":true}]}}