{"id":584,"date":"2019-12-18T17:11:36","date_gmt":"2019-12-18T16:11:36","guid":{"rendered":"https:\/\/www.proges.com\/activites\/"},"modified":"2021-02-23T18:08:58","modified_gmt":"2021-02-23T17:08:58","slug":"business-units","status":"publish","type":"page","link":"https:\/\/www.proges.com\/de\/business-units\/","title":{"rendered":"Business Units"},"content":{"rendered":"","protected":false},"excerpt":{"rendered":"","protected":false},"author":7,"featured_media":0,"parent":0,"menu_order":0,"comment_status":"closed","ping_status":"closed","template":"","meta":{"_acf_changed":false,"footnotes":""},"class_list":["post-584","page","type-page","status-publish","hentry"],"acf":[],"yoast_head":"<!-- This site is optimized with the Yoast SEO Premium plugin v15.0 - https:\/\/yoast.com\/wordpress\/plugins\/seo\/ -->\n<title>Wir stellen Ihre Daten zum Dienst Ihrer Firma. - Proges Plus<\/title>\n<meta name=\"description\" content=\"3 Business Units : ERP-Softwarepakete f\u00fcr KMU | IT-Wartung | Temperatur\u00fcberwachungs-L\u00f6sungen f\u00fcr die Lebensmittel- und Pharmaindustrie\" \/>\n<meta name=\"robots\" content=\"index, follow, max-snippet:-1, max-image-preview:large, max-video-preview:-1\" \/>\n<link rel=\"canonical\" href=\"https:\/\/www.proges.com\/de\/business-units\/\" \/>\n<meta property=\"og:locale\" content=\"de_DE\" \/>\n<meta property=\"og:type\" content=\"article\" \/>\n<meta property=\"og:title\" content=\"Wir stellen Ihre Daten zum Dienst Ihrer Firma. - Proges Plus\" \/>\n<meta property=\"og:description\" content=\"3 Business Units : ERP-Softwarepakete f\u00fcr KMU | IT-Wartung | Temperatur\u00fcberwachungs-L\u00f6sungen f\u00fcr die Lebensmittel- und Pharmaindustrie\" \/>\n<meta property=\"og:url\" content=\"https:\/\/www.proges.com\/de\/business-units\/\" \/>\n<meta property=\"og:site_name\" content=\"Proges Plus\" \/>\n<meta property=\"article:modified_time\" content=\"2021-02-23T17:08:58+00:00\" \/>\n<meta name=\"twitter:card\" content=\"summary_large_image\" \/>\n<script type=\"application\/ld+json\" class=\"yoast-schema-graph\">{\"@context\":\"https:\/\/schema.org\",\"@graph\":[{\"@type\":\"WebSite\",\"@id\":\"https:\/\/www.proges.com\/de\/#website\",\"url\":\"https:\/\/www.proges.com\/de\/\",\"name\":\"Proges Plus\",\"description\":\"Editeur de logiciels, Services informatiques. Surveillance de Temp\\u00e9rature. Lille, Lyon, Nantes, Montr\\u00e9al\",\"potentialAction\":[{\"@type\":\"SearchAction\",\"target\":\"https:\/\/www.proges.com\/de\/?s={search_term_string}\",\"query-input\":\"required name=search_term_string\"}],\"inLanguage\":\"de-DE\"},{\"@type\":\"WebPage\",\"@id\":\"https:\/\/www.proges.com\/de\/business-units\/#webpage\",\"url\":\"https:\/\/www.proges.com\/de\/business-units\/\",\"name\":\"Wir stellen Ihre Daten zum Dienst Ihrer Firma. - Proges Plus\",\"isPartOf\":{\"@id\":\"https:\/\/www.proges.com\/de\/#website\"},\"datePublished\":\"2019-12-18T16:11:36+00:00\",\"dateModified\":\"2021-02-23T17:08:58+00:00\",\"description\":\"3 Business Units : ERP-Softwarepakete f\\u00fcr KMU | IT-Wartung | Temperatur\\u00fcberwachungs-L\\u00f6sungen f\\u00fcr die Lebensmittel- und Pharmaindustrie\",\"breadcrumb\":{\"@id\":\"https:\/\/www.proges.com\/de\/business-units\/#breadcrumb\"},\"inLanguage\":\"de-DE\",\"potentialAction\":[{\"@type\":\"ReadAction\",\"target\":[\"https:\/\/www.proges.com\/de\/business-units\/\"]}]},{\"@type\":\"BreadcrumbList\",\"@id\":\"https:\/\/www.proges.com\/de\/business-units\/#breadcrumb\",\"itemListElement\":[{\"@type\":\"ListItem\",\"position\":1,\"item\":{\"@type\":\"WebPage\",\"@id\":\"https:\/\/www.proges.com\/de\/\",\"url\":\"https:\/\/www.proges.com\/de\/\",\"name\":\"Startseite\"}}]}]}<\/script>\n<!-- \/ Yoast SEO Premium plugin. -->","_links":{"self":[{"href":"https:\/\/www.proges.com\/de\/wp-json\/wp\/v2\/pages\/584","targetHints":{"allow":["GET"]}}],"collection":[{"href":"https:\/\/www.proges.com\/de\/wp-json\/wp\/v2\/pages"}],"about":[{"href":"https:\/\/www.proges.com\/de\/wp-json\/wp\/v2\/types\/page"}],"author":[{"embeddable":true,"href":"https:\/\/www.proges.com\/de\/wp-json\/wp\/v2\/users\/7"}],"replies":[{"embeddable":true,"href":"https:\/\/www.proges.com\/de\/wp-json\/wp\/v2\/comments?post=584"}],"version-history":[{"count":0,"href":"https:\/\/www.proges.com\/de\/wp-json\/wp\/v2\/pages\/584\/revisions"}],"wp:attachment":[{"href":"https:\/\/www.proges.com\/de\/wp-json\/wp\/v2\/media?parent=584"}],"curies":[{"name":"wp","href":"https:\/\/api.w.org\/{rel}","templated":true}]}}